{"id":3727,"date":"2022-03-29T12:16:58","date_gmt":"2022-03-29T09:16:58","guid":{"rendered":"https:\/\/www.pitsikoglou.com\/?page_id=3727"},"modified":"2023-01-10T11:32:25","modified_gmt":"2023-01-10T09:32:25","slug":"%ce%b7-%ce%b5%cf%84%ce%b1%ce%b9%cf%81%ce%b5%ce%af%ce%b1","status":"publish","type":"page","link":"https:\/\/www.pitsikoglou.com\/de\/%ce%b7-%ce%b5%cf%84%ce%b1%ce%b9%cf%81%ce%b5%ce%af%ce%b1\/","title":{"rendered":"FIRMA"},"content":{"rendered":"<div class=\"vc_row wpb_row row\"><div class=\"vc_column_container col-md-12\"><div class=\"wpb_wrapper vc_column-inner\"><h2 style=\"font-size: 24px;text-align: center;font-family:Open Sans;font-weight:400;font-style:normal\" class=\"vc_custom_heading\">FIRMA<\/h2>\n\t<div class=\"wpb_text_column wpb_content_element\" >\n\t\t<div class=\"wpb_wrapper\">\n\t\t\t<p>Der Name Pitsikoglou, ist Ihnen bekannt. Es ist Synonym mit Qualit\u00e4t und Garantie wo bisher angeboten wurde und weiterhin f\u00fcr ihre Kunden seit 20 Jahre bietet. Au\u00dferdem sind diese die unsere Existenz gew\u00e4hrleisten, denn sie selbst sind zufrieden auch mit unsere hochwertigen Gebrauchtmaschinen die nur aus Deutschland importiert werden, diese hier von unseren Mitarbeitern und technischen Spezialisten gepr\u00fcft und getestet werden, um ihre eigene Arbeit einfacher, schneller und besser zu machen.<\/p>\n<p>Bei uns finden Sie:<br \/>\nTafelschere, Rundbiegemaschine, Hydraulische Presse, Exzenderpresse, Drehbank, Profilstahlschere, Radial Bohrmaschine, Tischbohrwerk, Bohrmaschine, Hobelmaschine, Haspel, Abkantpresse, Stromakregat, Kompressor, S\u00e4gen, Schleifmaschine, Schwei\u00dfmaschine, Fr\u00e4smaschine, Krananlage, Hebeb\u00fchne, Getriebemotor, Elektromotor, Pumpen und eine Vielzahl von Zubeh\u00f6r u.s.w.<\/p>\n<p>All dieses und vieles mehr sind in Agios Athanasios Dramas, in unseren Filialen, einer Gesamtfl\u00e4che von 18.000 m2.<\/p>\n<p>Auf unserer Website k\u00f6nnen Sie vielleicht finden, was Sie brauchen. Wir sind immer bereit, Ihnen zu helfen und mit Ihnen einen Rundgang in unseren Filialen zu machen. Ihr Service ist unser Prim\u00e4rziel.<\/p>\n<p>Auf den folgenden Seiten finden Sie eine Auswahl der Maschinen die es in unserem neuen Ausstellungsraum gibt\u00a0<b>WERKZEUGMASCHINEN - BLECHBEARBEITUNGSMASCHINEN,<\/b>in einer Fl\u00e4che von 4.000 m2.<\/p>\n<p>\u0391\u03c1. \u0393\u0395\u039c\u0397: 51703219000<\/p>\n\n\t\t<\/div>\n\t<\/div>\n<\/div><\/div><\/div>","protected":false},"excerpt":{"rendered":"\u0397 \u0395\u03c4\u03b1\u03b9\u03c1\u03b5\u03af\u03b1 \u03a4\u03bf \u03cc\u03bd\u03bf\u03bc\u03b1 \u03a0\u03b9\u03c4\u03c3\u03af\u03ba\u03bf\u03b3\u03bb\u03bf\u03c5, \u03c3\u03b1\u03c2 \u03b5\u03af\u03bd\u03b1\u03b9 \u03b3\u03bd\u03c9\u03c3\u03c4\u03cc. \u0395\u03af\u03bd\u03b1\u03b9 \u03c3\u03c5\u03bd\u03ce\u03bd\u03c5\u03bc\u03bf \u03c4\u03b7\u03c2 \u03b5\u03b3\u03b3\u03cd\u03b7\u03c3\u03b7\u03c2 \u03ba\u03b1\u03b9 \u03c4\u03b7\u03c2 \u03c0\u03bf\u03b9\u03cc\u03c4\u03b7\u03c4\u03b1\u03c2 \u03c0\u03bf\u03c5 \u03c0\u03c1\u03bf\u03c3\u03ad\u03c6\u03b5\u03c1\u03b5 \u03ba\u03b1\u03b9 \u03c3\u03c5\u03bd\u03b5\u03c7\u03af\u03b6\u03b5\u03b9 \u03bd\u03b1 \u03c0\u03c1\u03bf\u03c3\u03c6\u03ad\u03c1\u03b5\u03b9 \u03c3\u03c4\u03bf\u03c5\u03c2 \u03c0\u03b5\u03bb\u03ac\u03c4\u03b5\u03c2 \u03c4\u03bf\u03c5, \u03b5\u03b4\u03ce \u03ba\u03b1\u03b9 20 \u03c7\u03c1\u03cc\u03bd\u03b9\u03b1. \u2019\u03bb\u03bb\u03c9\u03c3\u03c4\u03b5, \u03b1\u03c5\u03c4\u03bf\u03af \u03b5\u03af\u03bd\u03b1\u03b9 \u03c0\u03bf\u03c5 \u03b3\u03bd\u03c9\u03c3\u03c4\u03bf\u03c0\u03bf\u03b9\u03bf\u03cd\u03bd \u03ba\u03b1\u03b9 \u03c4\u03b7\u03bd \u03cd\u03c0\u03b1\u03c1\u03be\u03ae \u03bc\u03b1\u03c2, \u03b3\u03b9\u03b1\u03c4\u03af \u03b1\u03c5\u03c4\u03bf\u03af \u03bf\u03b9 \u03af\u03b4\u03b9\u03bf\u03b9 \u03b5\u03af\u03bd\u03b1\u03b9 \u03b5\u03c5\u03c7\u03b1\u03c1\u03b9\u03c3\u03c4\u03b7\u03bc\u03ad\u03bd\u03bf\u03b9 \u03ba\u03b1\u03b9 \u03b9\u03ba\u03b1\u03bd\u03bf\u03c0\u03bf\u03b9\u03b7\u03bc\u03ad\u03bd\u03bf\u03b9 \u03b1\u03c0\u03cc \u03b5\u03bc\u03ac\u03c2 \u03ba\u03b1\u03b9 \u03b1\u03c0\u03cc \u03c4\u03b1 \u03bc\u03b5\u03c4\u03b1\u03c7\u03b5\u03b9\u03c1\u03b9\u03c3\u03bc\u03ad\u03bd\u03b1 \u03bc\u03b7\u03c7\u03b1\u03bd\u03ae\u03bc\u03b1\u03c4\u03b1 \u03ac\u03c1\u03b9\u03c3\u03c4\u03b7\u03c2 \u03c0\u03bf\u03b9\u03cc\u03c4\u03b7\u03c4\u03b1\u03c2 \u03ba\u03b1\u03b9 [...]","protected":false},"author":1,"featured_media":0,"parent":0,"menu_order":0,"comment_status":"closed","ping_status":"closed","template":"","meta":{"footnotes":""},"class_list":["post-3727","page","type-page","status-publish","hentry"],"yoast_head":"<!-- This site is optimized with the Yoast SEO plugin v24.7 - https:\/\/yoast.com\/wordpress\/plugins\/seo\/ -->\n<title>\u0397 \u0395\u03c4\u03b1\u03b9\u03c1\u03b5\u03af\u03b1 - Pitsikoglou Machinery<\/title>\n<meta name=\"robots\" content=\"index, follow, max-snippet:-1, max-image-preview:large, max-video-preview:-1\" \/>\n<link rel=\"canonical\" href=\"https:\/\/www.pitsikoglou.com\/de\/\u03b7-\u03b5\u03c4\u03b1\u03b9\u03c1\u03b5\u03af\u03b1\/\" \/>\n<meta property=\"og:locale\" content=\"de_DE\" \/>\n<meta property=\"og:type\" content=\"article\" \/>\n<meta property=\"og:title\" content=\"\u0397 \u0395\u03c4\u03b1\u03b9\u03c1\u03b5\u03af\u03b1 - Pitsikoglou Machinery\" \/>\n<meta property=\"og:url\" content=\"https:\/\/www.pitsikoglou.com\/de\/\u03b7-\u03b5\u03c4\u03b1\u03b9\u03c1\u03b5\u03af\u03b1\/\" \/>\n<meta property=\"og:site_name\" content=\"Pitsikoglou Machinery\" \/>\n<meta property=\"article:modified_time\" content=\"2023-01-10T09:32:25+00:00\" \/>\n<meta name=\"twitter:card\" content=\"summary_large_image\" \/>\n<meta name=\"twitter:label1\" content=\"Gesch\u00e4tzte Lesezeit\" \/>\n\t<meta name=\"twitter:data1\" content=\"2\u00a0Minuten\" \/>\n<script type=\"application\/ld+json\" class=\"yoast-schema-graph\">{\"@context\":\"https:\/\/schema.org\",\"@graph\":[{\"@type\":\"WebPage\",\"@id\":\"https:\/\/www.pitsikoglou.com\/%ce%b7-%ce%b5%cf%84%ce%b1%ce%b9%cf%81%ce%b5%ce%af%ce%b1\/\",\"url\":\"https:\/\/www.pitsikoglou.com\/%ce%b7-%ce%b5%cf%84%ce%b1%ce%b9%cf%81%ce%b5%ce%af%ce%b1\/\",\"name\":\"\u0397 \u0395\u03c4\u03b1\u03b9\u03c1\u03b5\u03af\u03b1 - Pitsikoglou Machinery\",\"isPartOf\":{\"@id\":\"https:\/\/www.pitsikoglou.com\/#website\"},\"datePublished\":\"2022-03-29T09:16:58+00:00\",\"dateModified\":\"2023-01-10T09:32:25+00:00\",\"breadcrumb\":{\"@id\":\"https:\/\/www.pitsikoglou.com\/%ce%b7-%ce%b5%cf%84%ce%b1%ce%b9%cf%81%ce%b5%ce%af%ce%b1\/#breadcrumb\"},\"inLanguage\":\"de\",\"potentialAction\":[{\"@type\":\"ReadAction\",\"target\":[\"https:\/\/www.pitsikoglou.com\/%ce%b7-%ce%b5%cf%84%ce%b1%ce%b9%cf%81%ce%b5%ce%af%ce%b1\/\"]}]},{\"@type\":\"BreadcrumbList\",\"@id\":\"https:\/\/www.pitsikoglou.com\/%ce%b7-%ce%b5%cf%84%ce%b1%ce%b9%cf%81%ce%b5%ce%af%ce%b1\/#breadcrumb\",\"itemListElement\":[{\"@type\":\"ListItem\",\"position\":1,\"name\":\"\u0391\u03c1\u03c7\u03b9\u03ba\u03ae\",\"item\":\"https:\/\/www.pitsikoglou.com\/\"},{\"@type\":\"ListItem\",\"position\":2,\"name\":\"\u0397 \u0395\u03c4\u03b1\u03b9\u03c1\u03b5\u03af\u03b1\"}]},{\"@type\":\"WebSite\",\"@id\":\"https:\/\/www.pitsikoglou.com\/#website\",\"url\":\"https:\/\/www.pitsikoglou.com\/\",\"name\":\"Pitsikoglou Machinery\",\"description\":\"\",\"potentialAction\":[{\"@type\":\"SearchAction\",\"target\":{\"@type\":\"EntryPoint\",\"urlTemplate\":\"https:\/\/www.pitsikoglou.com\/?s={search_term_string}\"},\"query-input\":{\"@type\":\"PropertyValueSpecification\",\"valueRequired\":true,\"valueName\":\"search_term_string\"}}],\"inLanguage\":\"de\"}]}<\/script>\n<!-- \/ Yoast SEO plugin. -->","yoast_head_json":{"title":"\u0397 \u0395\u03c4\u03b1\u03b9\u03c1\u03b5\u03af\u03b1 - Pitsikoglou Machinery","robots":{"index":"index","follow":"follow","max-snippet":"max-snippet:-1","max-image-preview":"max-image-preview:large","max-video-preview":"max-video-preview:-1"},"canonical":"https:\/\/www.pitsikoglou.com\/de\/\u03b7-\u03b5\u03c4\u03b1\u03b9\u03c1\u03b5\u03af\u03b1\/","og_locale":"de_DE","og_type":"article","og_title":"\u0397 \u0395\u03c4\u03b1\u03b9\u03c1\u03b5\u03af\u03b1 - Pitsikoglou Machinery","og_url":"https:\/\/www.pitsikoglou.com\/de\/\u03b7-\u03b5\u03c4\u03b1\u03b9\u03c1\u03b5\u03af\u03b1\/","og_site_name":"Pitsikoglou Machinery","article_modified_time":"2023-01-10T09:32:25+00:00","twitter_card":"summary_large_image","twitter_misc":{"Gesch\u00e4tzte Lesezeit":"2\u00a0Minuten"},"schema":{"@context":"https:\/\/schema.org","@graph":[{"@type":"WebPage","@id":"https:\/\/www.pitsikoglou.com\/%ce%b7-%ce%b5%cf%84%ce%b1%ce%b9%cf%81%ce%b5%ce%af%ce%b1\/","url":"https:\/\/www.pitsikoglou.com\/%ce%b7-%ce%b5%cf%84%ce%b1%ce%b9%cf%81%ce%b5%ce%af%ce%b1\/","name":"\u0397 \u0395\u03c4\u03b1\u03b9\u03c1\u03b5\u03af\u03b1 - Pitsikoglou Machinery","isPartOf":{"@id":"https:\/\/www.pitsikoglou.com\/#website"},"datePublished":"2022-03-29T09:16:58+00:00","dateModified":"2023-01-10T09:32:25+00:00","breadcrumb":{"@id":"https:\/\/www.pitsikoglou.com\/%ce%b7-%ce%b5%cf%84%ce%b1%ce%b9%cf%81%ce%b5%ce%af%ce%b1\/#breadcrumb"},"inLanguage":"de","potentialAction":[{"@type":"ReadAction","target":["https:\/\/www.pitsikoglou.com\/%ce%b7-%ce%b5%cf%84%ce%b1%ce%b9%cf%81%ce%b5%ce%af%ce%b1\/"]}]},{"@type":"BreadcrumbList","@id":"https:\/\/www.pitsikoglou.com\/%ce%b7-%ce%b5%cf%84%ce%b1%ce%b9%cf%81%ce%b5%ce%af%ce%b1\/#breadcrumb","itemListElement":[{"@type":"ListItem","position":1,"name":"\u0391\u03c1\u03c7\u03b9\u03ba\u03ae","item":"https:\/\/www.pitsikoglou.com\/"},{"@type":"ListItem","position":2,"name":"\u0397 \u0395\u03c4\u03b1\u03b9\u03c1\u03b5\u03af\u03b1"}]},{"@type":"WebSite","@id":"https:\/\/www.pitsikoglou.com\/#website","url":"https:\/\/www.pitsikoglou.com\/","name":"Pitsikoglou Machinery","description":"","potentialAction":[{"@type":"SearchAction","target":{"@type":"EntryPoint","urlTemplate":"https:\/\/www.pitsikoglou.com\/?s={search_term_string}"},"query-input":{"@type":"PropertyValueSpecification","valueRequired":true,"valueName":"search_term_string"}}],"inLanguage":"de"}]}},"_links":{"self":[{"href":"https:\/\/www.pitsikoglou.com\/de\/wp-json\/wp\/v2\/pages\/3727","targetHints":{"allow":["GET"]}}],"collection":[{"href":"https:\/\/www.pitsikoglou.com\/de\/wp-json\/wp\/v2\/pages"}],"about":[{"href":"https:\/\/www.pitsikoglou.com\/de\/wp-json\/wp\/v2\/types\/page"}],"author":[{"embeddable":true,"href":"https:\/\/www.pitsikoglou.com\/de\/wp-json\/wp\/v2\/users\/1"}],"replies":[{"embeddable":true,"href":"https:\/\/www.pitsikoglou.com\/de\/wp-json\/wp\/v2\/comments?post=3727"}],"version-history":[{"count":6,"href":"https:\/\/www.pitsikoglou.com\/de\/wp-json\/wp\/v2\/pages\/3727\/revisions"}],"predecessor-version":[{"id":4337,"href":"https:\/\/www.pitsikoglou.com\/de\/wp-json\/wp\/v2\/pages\/3727\/revisions\/4337"}],"wp:attachment":[{"href":"https:\/\/www.pitsikoglou.com\/de\/wp-json\/wp\/v2\/media?parent=3727"}],"curies":[{"name":"wp","href":"https:\/\/api.w.org\/{rel}","templated":true}]}}